{"id":104,"date":"2014-12-09T20:42:29","date_gmt":"2014-12-09T20:42:29","guid":{"rendered":"http:\/\/www.suh.edu.pl\/?page_id=104"},"modified":"2019-08-14T12:00:26","modified_gmt":"2019-08-14T12:00:26","slug":"kontakt","status":"publish","type":"page","link":"https:\/\/www.suh.edu.pl\/?page_id=104","title":{"rendered":"Kontakt"},"content":{"rendered":"<p><strong>Adres do korespondencji:<\/strong><\/p>\n<p>Szko\u0142a Us\u0142ug Hotelarskich, Sztuki Gotowania i Innych Zawod\u00f3w<br \/>\nKrakowska 25<br \/>\n39-200 D\u0119bica<\/p>\n<p><strong>Miejsce odbywania si\u0119 zaj\u0119\u0107 lekcyjnych:<\/strong><\/p>\n<p>Krakowska 25 I pi\u0119tro<br \/>\n39-200 D\u0119bica<\/p>\n<p>tel. 14 676 08 02, 603 103 698, 604 955 796<\/p>\n<p>email: fundacja@educare.pl sekretariat@suh.edu.pl<\/p>\n<p>Dyrektor Szko\u0142y:<\/p>\n<p>Antoni Kami\u0144ski<br \/>\nemail: akaminski@educare.pl<br \/>\nkom.: 603 103 698<\/p>\n<p><a href=\"https:\/\/www.suh.edu.pl\/wp-content\/uploads\/2019\/08\/krakowska_25_mapa.jpg\"><img loading=\"lazy\" decoding=\"async\" class=\"aligncenter size-full wp-image-9988\" src=\"https:\/\/www.suh.edu.pl\/wp-content\/uploads\/2019\/08\/krakowska_25_mapa.jpg\" alt=\"\" width=\"862\" height=\"801\" srcset=\"https:\/\/www.suh.edu.pl\/wp-content\/uploads\/2019\/08\/krakowska_25_mapa.jpg 862w, https:\/\/www.suh.edu.pl\/wp-content\/uploads\/2019\/08\/krakowska_25_mapa-300x279.jpg 300w, https:\/\/www.suh.edu.pl\/wp-content\/uploads\/2019\/08\/krakowska_25_mapa-768x714.jpg 768w\" sizes=\"(max-width: 862px) 100vw, 862px\" \/><\/a><\/p>\n","protected":false},"excerpt":{"rendered":"<p>Adres do korespondencji: Szko\u0142a Us\u0142ug Hotelarskich, Sztuki Gotowania i Innych Zawod\u00f3w Krakowska 25 39-200 D\u0119bica Miejsce odbywania si\u0119 zaj\u0119\u0107 lekcyjnych: Krakowska 25 I pi\u0119tro 39-200 D\u0119bica tel. 14 676 08 02, 603 103 698, 604 955 796 email: fundacja@educare.pl sekretariat@suh.edu.pl &hellip; <a href=\"https:\/\/www.suh.edu.pl\/?page_id=104\">Czytaj dalej <span class=\"meta-nav\">&rarr;<\/span><\/a><\/p>\n","protected":false},"author":1,"featured_media":0,"parent":0,"menu_order":0,"comment_status":"open","ping_status":"open","template":"","meta":{"footnotes":""},"class_list":["post-104","page","type-page","status-publish","hentry"],"_links":{"self":[{"href":"https:\/\/www.suh.edu.pl\/index.php?rest_route=\/wp\/v2\/pages\/104"}],"collection":[{"href":"https:\/\/www.suh.edu.pl\/index.php?rest_route=\/wp\/v2\/pages"}],"about":[{"href":"https:\/\/www.suh.edu.pl\/index.php?rest_route=\/wp\/v2\/types\/page"}],"author":[{"embeddable":true,"href":"https:\/\/www.suh.edu.pl\/index.php?rest_route=\/wp\/v2\/users\/1"}],"replies":[{"embeddable":true,"href":"https:\/\/www.suh.edu.pl\/index.php?rest_route=%2Fwp%2Fv2%2Fcomments&post=104"}],"version-history":[{"count":5,"href":"https:\/\/www.suh.edu.pl\/index.php?rest_route=\/wp\/v2\/pages\/104\/revisions"}],"predecessor-version":[{"id":9990,"href":"https:\/\/www.suh.edu.pl\/index.php?rest_route=\/wp\/v2\/pages\/104\/revisions\/9990"}],"wp:attachment":[{"href":"https:\/\/www.suh.edu.pl\/index.php?rest_route=%2Fwp%2Fv2%2Fmedia&parent=104"}],"curies":[{"name":"wp","href":"https:\/\/api.w.org\/{rel}","templated":true}]}}