{"id":158,"date":"2014-12-15T08:20:19","date_gmt":"2014-12-15T08:20:19","guid":{"rendered":"http:\/\/www.suh.edu.pl\/?page_id=158"},"modified":"2023-03-23T07:24:29","modified_gmt":"2023-03-23T07:24:29","slug":"nauczyciele","status":"publish","type":"page","link":"https:\/\/www.suh.edu.pl\/?page_id=158","title":{"rendered":"Nauczyciele"},"content":{"rendered":"\n<p><a href=\"https:\/\/www.suh.edu.pl\/wp-content\/uploads\/2023\/03\/kwojcik_z_opisem.jpg\"><img decoding=\"async\" class=\" size-full wp-image-2141 alignleft\" src=\"https:\/\/www.suh.edu.pl\/wp-content\/uploads\/2023\/03\/kwojcik_z_opisem.jpg\" alt=\"mgr W\u00f3jcik Krzysztof\" \/><\/a><br \/><a href=\"https:\/\/www.suh.edu.pl\/wp-content\/uploads\/2014\/12\/wborynska_z_opisem.jpg\"><img loading=\"lazy\" decoding=\"async\" width=\"650\" height=\"84\" class=\"alignleft size-full wp-image-2146\" src=\"https:\/\/www.suh.edu.pl\/wp-content\/uploads\/2014\/12\/wborynska_z_opisem.jpg\" alt=\"wborynska_z_opisem\" srcset=\"https:\/\/www.suh.edu.pl\/wp-content\/uploads\/2014\/12\/wborynska_z_opisem.jpg 650w, https:\/\/www.suh.edu.pl\/wp-content\/uploads\/2014\/12\/wborynska_z_opisem-300x39.jpg 300w\" sizes=\"(max-width: 650px) 100vw, 650px\" \/><\/a><br \/><a href=\"https:\/\/www.suh.edu.pl\/wp-content\/uploads\/2014\/12\/cudecki.jpg\"><img decoding=\"async\" class=\" size-full wp-image-2141 alignleft\" src=\"https:\/\/www.suh.edu.pl\/wp-content\/uploads\/2014\/12\/cudecki.jpg\" alt=\"Cudecki\" \/><\/a><br \/><a href=\"https:\/\/www.suh.edu.pl\/wp-content\/uploads\/2014\/12\/tdubiel_z_opisem.jpg\"><img loading=\"lazy\" decoding=\"async\" class=\"alignleft size-full wp-image-2149\" src=\"https:\/\/www.suh.edu.pl\/wp-content\/uploads\/2014\/12\/tdubiel_z_opisem.jpg\" alt=\"tdubiel_z_opisem\" width=\"649\" height=\"82\" srcset=\"https:\/\/www.suh.edu.pl\/wp-content\/uploads\/2014\/12\/tdubiel_z_opisem.jpg 649w, https:\/\/www.suh.edu.pl\/wp-content\/uploads\/2014\/12\/tdubiel_z_opisem-300x38.jpg 300w\" sizes=\"(max-width: 649px) 100vw, 649px\" \/><\/a><a href=\"https:\/\/www.suh.edu.pl\/wp-content\/uploads\/2014\/12\/bdubiel_lesiak_z_opisem.jpg\"><img loading=\"lazy\" decoding=\"async\" class=\"alignleft size-full wp-image-2150\" src=\"https:\/\/www.suh.edu.pl\/wp-content\/uploads\/2014\/12\/bdubiel_lesiak_z_opisem.jpg\" alt=\"bdubiel_lesiak_z_opisem\" width=\"650\" height=\"83\" srcset=\"https:\/\/www.suh.edu.pl\/wp-content\/uploads\/2014\/12\/bdubiel_lesiak_z_opisem.jpg 650w, https:\/\/www.suh.edu.pl\/wp-content\/uploads\/2014\/12\/bdubiel_lesiak_z_opisem-300x38.jpg 300w\" sizes=\"(max-width: 650px) 100vw, 650px\" \/><\/a><\/p>\n<p><a href=\"https:\/\/www.suh.edu.pl\/wp-content\/uploads\/2020\/09\/edudek_z_opisem.jpg\"><img decoding=\"async\" class=\"alignleft size-full wp-image-2150\" src=\"https:\/\/www.suh.edu.pl\/wp-content\/uploads\/2020\/09\/edudek_z_opisem.jpg\" alt=\"bdubiel_lesiak_z_opisem\" \/><\/a><\/p>\n<p><a href=\"https:\/\/www.suh.edu.pl\/wp-content\/uploads\/2020\/09\/jdzik_z_opisem.jpg\"><img loading=\"lazy\" decoding=\"async\" class=\"alignright size-full wp-image-7466\" src=\"https:\/\/www.suh.edu.pl\/wp-content\/uploads\/2020\/09\/jdzik_z_opisem.jpg\" alt=\"jdzik_z_opisem\" width=\"647\" height=\"93\" \/><\/a><\/p><p><a href=\"https:\/\/www.suh.edu.pl\/wp-content\/uploads\/2023\/03\/AGiec_z_opisem.jpg\"><img decoding=\"async\" class=\"alignright size-full wp-image-7466\" src=\"https:\/\/www.suh.edu.pl\/wp-content\/uploads\/2023\/03\/AGiec_z_opisem.jpg\" alt=\"AGiec_z_opisem\" width=\"650\"  \/><\/a><\/p>\n<p><a href=\"https:\/\/www.suh.edu.pl\/wp-content\/uploads\/2014\/12\/hgorka_z_opisem.jpg\"><img loading=\"lazy\" decoding=\"async\" class=\"alignleft size-full wp-image-2152\" src=\"https:\/\/www.suh.edu.pl\/wp-content\/uploads\/2014\/12\/hgorka_z_opisem.jpg\" alt=\"hgorka_z_opisem\" width=\"650\" height=\"81\" srcset=\"https:\/\/www.suh.edu.pl\/wp-content\/uploads\/2014\/12\/hgorka_z_opisem.jpg 650w, https:\/\/www.suh.edu.pl\/wp-content\/uploads\/2014\/12\/hgorka_z_opisem-300x37.jpg 300w\" sizes=\"(max-width: 650px) 100vw, 650px\" \/><\/a><\/p>\n<p><a href=\"https:\/\/www.suh.edu.pl\/wp-content\/uploads\/2023\/03\/akurcz_z_opisem.jpg\"><img decoding=\"async\" class=\"alignleft size-full wp-image-2166\" src=\"https:\/\/www.suh.edu.pl\/wp-content\/uploads\/2023\/03\/akurcz_z_opisem.jpg\" alt=\"mg Kurcz Aleksandra\" width=\"650\" \/><\/a><\/p>\n<p><a href=\"https:\/\/www.suh.edu.pl\/wp-content\/uploads\/2014\/12\/jlukaszewska_z_opisem.jpg\"><img loading=\"lazy\" decoding=\"async\" class=\"alignleft size-full wp-image-2168\" src=\"https:\/\/www.suh.edu.pl\/wp-content\/uploads\/2014\/12\/jlukaszewska_z_opisem.jpg\" alt=\"jlukaszewska_z_opisem\" width=\"647\" height=\"81\" srcset=\"https:\/\/www.suh.edu.pl\/wp-content\/uploads\/2014\/12\/jlukaszewska_z_opisem.jpg 647w, https:\/\/www.suh.edu.pl\/wp-content\/uploads\/2014\/12\/jlukaszewska_z_opisem-300x38.jpg 300w\" sizes=\"(max-width: 647px) 100vw, 647px\" \/><br \/><\/a><a href=\"https:\/\/www.suh.edu.pl\/wp-content\/uploads\/2020\/10\/amachnik_z_opisem-1.jpg\"><img loading=\"lazy\" decoding=\"async\" class=\"alignleft size-full wp-image-2168\" src=\"https:\/\/www.suh.edu.pl\/wp-content\/uploads\/2020\/10\/amachnik_z_opisem-1.jpg\" alt=\"amachnik_z_opisem\" width=\"647\" height=\"81\" \/><br \/><\/a>\n<a href=\"https:\/\/www.suh.edu.pl\/wp-content\/uploads\/2023\/03\/enowacka_z_opisem.jpg\"><img decoding=\"async\" class=\"alignleft size-full wp-image-2168\" src=\"https:\/\/www.suh.edu.pl\/wp-content\/uploads\/2023\/03\/enowacka_z_opisem.jpg\" alt=\"amachnik_z_opisem\" width=\"650\"  \/><br \/><\/a><a href=\"https:\/\/www.suh.edu.pl\/wp-content\/uploads\/2014\/12\/apawlowska_z_opisem.jpg\"><img loading=\"lazy\" decoding=\"async\" class=\"alignleft size-full wp-image-2170\" src=\"https:\/\/www.suh.edu.pl\/wp-content\/uploads\/2014\/12\/apawlowska_z_opisem.jpg\" alt=\"apawlowska_z_opisem\" width=\"650\" height=\"82\" srcset=\"https:\/\/www.suh.edu.pl\/wp-content\/uploads\/2014\/12\/apawlowska_z_opisem.jpg 650w, https:\/\/www.suh.edu.pl\/wp-content\/uploads\/2014\/12\/apawlowska_z_opisem-300x38.jpg 300w\" sizes=\"(max-width: 650px) 100vw, 650px\" \/><\/a><\/p>\n<p><a href=\"https:\/\/www.suh.edu.pl\/wp-content\/uploads\/2023\/03\/ppieniazek_z_opisem.jpg\"><img decoding=\"async\" class=\"alignleft size-full wp-image-2174\" src=\"https:\/\/www.suh.edu.pl\/wp-content\/uploads\/2023\/03\/ppieniazek_z_opisem.jpg\" alt=\"mgr Pieni\u0105\u017cek Pawe\u0142\" width=\"650\" \/><\/a><\/p>\n<p><a href=\"https:\/\/www.suh.edu.pl\/wp-content\/uploads\/2023\/03\/isokolowska_kupiec_z_opisem.jpg\"><img decoding=\"async\" class=\"alignleft size-full wp-image-2174\" src=\"https:\/\/www.suh.edu.pl\/wp-content\/uploads\/2023\/03\/isokolowska_kupiec_z_opisem.jpg\" alt=\"mgr Soko\u0142owska-Kupiec Iwona\" width=\"650\" \/><\/a><\/p>\n<p><a href=\"https:\/\/www.suh.edu.pl\/wp-content\/uploads\/2023\/03\/btomecki_z_opisem.jpg\"><img decoding=\"async\" class=\"alignleft size-full wp-image-2174\" src=\"https:\/\/www.suh.edu.pl\/wp-content\/uploads\/2023\/03\/btomecki_z_opisem.jpg\" alt=\"mgr Tomecki Bogdan\" width=\"650\" \/><\/a><\/p>\n<p><a href=\"https:\/\/www.suh.edu.pl\/wp-content\/uploads\/2023\/03\/awojcik_z_opisem.jpg\"><img decoding=\"async\" class=\"alignleft size-full wp-image-2174\" src=\"https:\/\/www.suh.edu.pl\/wp-content\/uploads\/2023\/03\/awojcik_z_opisem.jpg\" alt=\"mgr W\u00f3jcik Anna\" width=\"650\" \/><\/a><\/p>\n\n<p><a href=\"https:\/\/www.suh.edu.pl\/wp-content\/uploads\/2014\/12\/ezydron_z_opisem.jpg\"><img loading=\"lazy\" decoding=\"async\" class=\"alignleft size-full wp-image-2174\" src=\"https:\/\/www.suh.edu.pl\/wp-content\/uploads\/2014\/12\/ezydron_z_opisem.jpg\" alt=\"ezydron_z_opisem\" width=\"647\" height=\"81\" srcset=\"https:\/\/www.suh.edu.pl\/wp-content\/uploads\/2014\/12\/ezydron_z_opisem.jpg 647w, https:\/\/www.suh.edu.pl\/wp-content\/uploads\/2014\/12\/ezydron_z_opisem-300x38.jpg 300w\" sizes=\"(max-width: 647px) 100vw, 647px\" \/><\/a><\/p>\n<h6 style=\"text-align: center;\">\u00a0<\/h6>\n<h6 style=\"text-align: center;\">\u00a0<\/h6>\n<h6 style=\"text-align: center;\">\u00a0<\/h6>\n<h6 style=\"text-align: center;\">\u00a0<\/h6>\n<h6 style=\"text-align: center;\">\u00a0<strong>Zaprzyja\u017anieni nauczyciele kt\u00f3rzy kiedy\u015b pracowali w naszej szkole<\/strong><\/h6>\n<a href=\"https:\/\/www.suh.edu.pl\/wp-content\/uploads\/2014\/12\/tdubiel_z_opisem.jpg\"><img loading=\"lazy\" decoding=\"async\" width=\"650\" height=\"96\" class=\" size-full wp-image-2141 alignleft\" src=\"https:\/\/www.suh.edu.pl\/wp-content\/uploads\/2014\/12\/mwolicka_z_opisem.jpg\" alt=\"mwolicka_z_opisem\" srcset=\"https:\/\/www.suh.edu.pl\/wp-content\/uploads\/2014\/12\/mwolicka_z_opisem.jpg 650w, https:\/\/www.suh.edu.pl\/wp-content\/uploads\/2014\/12\/mwolicka_z_opisem-300x44.jpg 300w\" sizes=\"(max-width: 650px) 100vw, 650px\" \/><\/a>\n<a href=\"https:\/\/www.suh.edu.pl\/wp-content\/uploads\/2020\/09\/rczyz_z_opisem.jpg\"><img decoding=\"async\" class=\" size-full wp-image-2141 alignleft\" src=\"https:\/\/www.suh.edu.pl\/wp-content\/uploads\/2020\/09\/rczyz_z_opisem.jpg\" alt=\"Cudecki\" \/><\/a><br \/>\n<a href=\"https:\/\/www.suh.edu.pl\/wp-content\/uploads\/2014\/12\/mfornek_z_opisem.jpg\"><img loading=\"lazy\" decoding=\"async\" class=\"alignright size-full wp-image-7466\" src=\"https:\/\/www.suh.edu.pl\/wp-content\/uploads\/2014\/12\/mfornek_z_opisem.jpg\" alt=\"mfornek_z_opisem\" width=\"647\" height=\"93\" srcset=\"https:\/\/www.suh.edu.pl\/wp-content\/uploads\/2014\/12\/mfornek_z_opisem.jpg 647w, https:\/\/www.suh.edu.pl\/wp-content\/uploads\/2014\/12\/mfornek_z_opisem-300x43.jpg 300w\" sizes=\"(max-width: 647px) 100vw, 647px\" \/><\/a>\n<a href=\"https:\/\/www.suh.edu.pl\/wp-content\/uploads\/2014\/12\/krauze_z_opisem.jpg\"><img decoding=\"async\" class=\"alignleft size-full wp-image-2163\" src=\"https:\/\/www.suh.edu.pl\/wp-content\/uploads\/2014\/12\/krauze_z_opisem.jpg\" alt=\"rkoltun_z_opisem\" \/><\/a>\n<p><a href=\"https:\/\/www.suh.edu.pl\/wp-content\/uploads\/2014\/12\/bkrupa_z_opisem.jpg\"><img loading=\"lazy\" decoding=\"async\" class=\"alignleft size-full wp-image-2164\" src=\"https:\/\/www.suh.edu.pl\/wp-content\/uploads\/2014\/12\/bkrupa_z_opisem.jpg\" alt=\"bkrupa_z_opisem\" width=\"650\" height=\"81\" srcset=\"https:\/\/www.suh.edu.pl\/wp-content\/uploads\/2014\/12\/bkrupa_z_opisem.jpg 650w, https:\/\/www.suh.edu.pl\/wp-content\/uploads\/2014\/12\/bkrupa_z_opisem-300x37.jpg 300w\" sizes=\"(max-width: 650px) 100vw, 650px\" \/><\/a><p><a href=\"https:\/\/www.suh.edu.pl\/wp-content\/uploads\/2014\/12\/kkurzawa_z_opisem.jpg\"><img loading=\"lazy\" decoding=\"async\" class=\"alignleft size-full wp-image-2166\" src=\"https:\/\/www.suh.edu.pl\/wp-content\/uploads\/2014\/12\/kkurzawa_z_opisem.jpg\" alt=\"kkurzawa_z_opisem\" width=\"646\" height=\"81\" srcset=\"https:\/\/www.suh.edu.pl\/wp-content\/uploads\/2014\/12\/kkurzawa_z_opisem.jpg 646w, https:\/\/www.suh.edu.pl\/wp-content\/uploads\/2014\/12\/kkurzawa_z_opisem-300x38.jpg 300w\" sizes=\"(max-width: 646px) 100vw, 646px\" \/><\/a><\/p><br \/><a href=\"https:\/\/www.suh.edu.pl\/wp-content\/uploads\/2014\/12\/gszarek_z_opisem.jpg\"><img loading=\"lazy\" decoding=\"async\" class=\"alignleft size-full wp-image-2171\" src=\"https:\/\/www.suh.edu.pl\/wp-content\/uploads\/2014\/12\/gszarek_z_opisem.jpg\" alt=\"gszarek_z_opisem\" width=\"650\" height=\"82\" srcset=\"https:\/\/www.suh.edu.pl\/wp-content\/uploads\/2014\/12\/gszarek_z_opisem.jpg 650w, https:\/\/www.suh.edu.pl\/wp-content\/uploads\/2014\/12\/gszarek_z_opisem-300x38.jpg 300w\" sizes=\"(max-width: 650px) 100vw, 650px\" \/><\/a><a href=\"https:\/\/www.suh.edu.pl\/wp-content\/uploads\/2014\/12\/rwarzecha_z_opisem.jpg\"><img loading=\"lazy\" decoding=\"async\" class=\"alignleft size-full wp-image-2172\" src=\"https:\/\/www.suh.edu.pl\/wp-content\/uploads\/2014\/12\/rwarzecha_z_opisem.jpg\" alt=\"rwarzecha_z_opisem\" width=\"646\" height=\"81\" srcset=\"https:\/\/www.suh.edu.pl\/wp-content\/uploads\/2014\/12\/rwarzecha_z_opisem.jpg 646w, https:\/\/www.suh.edu.pl\/wp-content\/uploads\/2014\/12\/rwarzecha_z_opisem-300x38.jpg 300w\" sizes=\"(max-width: 646px) 100vw, 646px\" \/><\/a><br \/><a href=\"https:\/\/www.suh.edu.pl\/wp-content\/uploads\/2014\/12\/kknych_z_opisem.jpg\"><img loading=\"lazy\" decoding=\"async\" class=\"alignleft size-full wp-image-2161\" src=\"https:\/\/www.suh.edu.pl\/wp-content\/uploads\/2014\/12\/kknych_z_opisem.jpg\" alt=\"kknych_z_opisem\" width=\"650\" height=\"82\" srcset=\"https:\/\/www.suh.edu.pl\/wp-content\/uploads\/2014\/12\/kknych_z_opisem.jpg 650w, https:\/\/www.suh.edu.pl\/wp-content\/uploads\/2014\/12\/kknych_z_opisem-300x38.jpg 300w\" sizes=\"(max-width: 650px) 100vw, 650px\" \/><\/a><\/p>\n<p><a href=\"https:\/\/www.suh.edu.pl\/wp-content\/uploads\/2014\/12\/pprucnal_z_opisem9.jpg\"><img loading=\"lazy\" decoding=\"async\" class=\"alignleft wp-image-6934 size-full\" src=\"https:\/\/www.suh.edu.pl\/wp-content\/uploads\/2014\/12\/pprucnal_z_opisem9.jpg\" alt=\"\" width=\"647\" height=\"91\" srcset=\"https:\/\/www.suh.edu.pl\/wp-content\/uploads\/2014\/12\/pprucnal_z_opisem9.jpg 647w, https:\/\/www.suh.edu.pl\/wp-content\/uploads\/2014\/12\/pprucnal_z_opisem9-300x42.jpg 300w\" sizes=\"(max-width: 647px) 100vw, 647px\" \/><\/a><\/p>\n<p><a href=\"https:\/\/www.suh.edu.pl\/wp-content\/uploads\/2014\/12\/mklis_z_opisem.jpg\"><img loading=\"lazy\" decoding=\"async\" class=\"alignleft size-full wp-image-2160\" src=\"https:\/\/www.suh.edu.pl\/wp-content\/uploads\/2014\/12\/mklis_z_opisem.jpg\" alt=\"mklis_z_opisem\" width=\"646\" height=\"80\" srcset=\"https:\/\/www.suh.edu.pl\/wp-content\/uploads\/2014\/12\/mklis_z_opisem.jpg 646w, https:\/\/www.suh.edu.pl\/wp-content\/uploads\/2014\/12\/mklis_z_opisem-300x37.jpg 300w\" sizes=\"(max-width: 646px) 100vw, 646px\" \/><\/a><\/p>\n<h6 style=\"text-align: center;\"><a href=\"https:\/\/www.suh.edu.pl\/wp-content\/uploads\/2014\/12\/agas_z_opisem.jpg\"><img loading=\"lazy\" decoding=\"async\" class=\"alignright size-full wp-image-7464\" src=\"https:\/\/www.suh.edu.pl\/wp-content\/uploads\/2014\/12\/agas_z_opisem.jpg\" alt=\"agas_z_opisem\" width=\"647\" height=\"93\" srcset=\"https:\/\/www.suh.edu.pl\/wp-content\/uploads\/2014\/12\/agas_z_opisem.jpg 647w, https:\/\/www.suh.edu.pl\/wp-content\/uploads\/2014\/12\/agas_z_opisem-300x43.jpg 300w\" sizes=\"(max-width: 647px) 100vw, 647px\" \/><\/a>\n<p><a href=\"https:\/\/www.suh.edu.pl\/wp-content\/uploads\/2014\/12\/rkoltun_z_opisem.jpg\"><img loading=\"lazy\" decoding=\"async\" class=\"alignleft size-full wp-image-2163\" src=\"https:\/\/www.suh.edu.pl\/wp-content\/uploads\/2014\/12\/rkoltun_z_opisem.jpg\" alt=\"rkoltun_z_opisem\" width=\"646\" height=\"81\" srcset=\"https:\/\/www.suh.edu.pl\/wp-content\/uploads\/2014\/12\/rkoltun_z_opisem.jpg 646w, https:\/\/www.suh.edu.pl\/wp-content\/uploads\/2014\/12\/rkoltun_z_opisem-300x38.jpg 300w\" sizes=\"(max-width: 646px) 100vw, 646px\" \/><\/a><\/h6>\n<h6 style=\"text-align: center;\"><a href=\"https:\/\/www.suh.edu.pl\/wp-content\/uploads\/2014\/12\/apociask_z_opisem.jpg\"><img loading=\"lazy\" decoding=\"async\" class=\"alignleft size-full wp-image-8529\" src=\"https:\/\/www.suh.edu.pl\/wp-content\/uploads\/2014\/12\/apociask_z_opisem.jpg\" alt=\"apociask_z_opisem\" width=\"650\" height=\"81\" srcset=\"https:\/\/www.suh.edu.pl\/wp-content\/uploads\/2014\/12\/apociask_z_opisem.jpg 650w, https:\/\/www.suh.edu.pl\/wp-content\/uploads\/2014\/12\/apociask_z_opisem-300x37.jpg 300w\" sizes=\"(max-width: 650px) 100vw, 650px\" \/><\/a><\/h6>\n<h6 style=\"text-align: center;\"><a href=\"https:\/\/www.suh.edu.pl\/wp-content\/uploads\/2020\/09\/mrynkar_z_opisem.jpg\"><img loading=\"lazy\" decoding=\"async\" class=\"alignleft size-full wp-image-8529\" src=\"https:\/\/www.suh.edu.pl\/wp-content\/uploads\/2020\/09\/mrynkar_z_opisem.jpg\" alt=\"mrynkar_z_opisem\" width=\"647\" height=\"81\" \/><\/a><\/h6>\n","protected":false},"excerpt":{"rendered":"<p>\u00a0 \u00a0 \u00a0 \u00a0 \u00a0Zaprzyja\u017anieni nauczyciele kt\u00f3rzy kiedy\u015b pracowali w naszej szkole<\/p>\n","protected":false},"author":1,"featured_media":0,"parent":154,"menu_order":0,"comment_status":"open","ping_status":"open","template":"","meta":{"footnotes":""},"class_list":["post-158","page","type-page","status-publish","hentry"],"_links":{"self":[{"href":"https:\/\/www.suh.edu.pl\/index.php?rest_route=\/wp\/v2\/pages\/158"}],"collection":[{"href":"https:\/\/www.suh.edu.pl\/index.php?rest_route=\/wp\/v2\/pages"}],"about":[{"href":"https:\/\/www.suh.edu.pl\/index.php?rest_route=\/wp\/v2\/types\/page"}],"author":[{"embeddable":true,"href":"https:\/\/www.suh.edu.pl\/index.php?rest_route=\/wp\/v2\/users\/1"}],"replies":[{"embeddable":true,"href":"https:\/\/www.suh.edu.pl\/index.php?rest_route=%2Fwp%2Fv2%2Fcomments&post=158"}],"version-history":[{"count":62,"href":"https:\/\/www.suh.edu.pl\/index.php?rest_route=\/wp\/v2\/pages\/158\/revisions"}],"predecessor-version":[{"id":13637,"href":"https:\/\/www.suh.edu.pl\/index.php?rest_route=\/wp\/v2\/pages\/158\/revisions\/13637"}],"up":[{"embeddable":true,"href":"https:\/\/www.suh.edu.pl\/index.php?rest_route=\/wp\/v2\/pages\/154"}],"wp:attachment":[{"href":"https:\/\/www.suh.edu.pl\/index.php?rest_route=%2Fwp%2Fv2%2Fmedia&parent=158"}],"curies":[{"name":"wp","href":"https:\/\/api.w.org\/{rel}","templated":true}]}}