{"id":186,"date":"2014-12-17T12:13:21","date_gmt":"2014-12-17T12:13:21","guid":{"rendered":"http:\/\/www.suh.edu.pl\/?page_id=186"},"modified":"2015-05-12T12:06:47","modified_gmt":"2015-05-12T12:06:47","slug":"o-fundacji-educare-et-servire","status":"publish","type":"page","link":"https:\/\/www.suh.edu.pl\/?page_id=186","title":{"rendered":"o Fundacji Educare et Servire"},"content":{"rendered":"<p><img decoding=\"async\" class=\"aligncenter\" src=\"https:\/\/www.suh.edu.pl\/gfx\/logo_EDUCARE_mini.png\" alt=\"\" \/><\/p>\n<p style=\"text-align: justify;\">Fundacja <a href=\"http:\/\/www.educare.pl\" target=\"_blank\"><b>Educare et Servire <\/b><\/a>zosta\u0142a za\u0142o\u017cona i ufundowana przez Antoniego Kami\u0144skiego \u2013 lokalnego lidera, spo\u0142ecznika oraz jednego z pionier\u00f3w samorz\u0105du terytorialnego i gospodarczego w pocz\u0105tkach lat 90-tych \u2013 na mocy notarialnego Aktu Powo\u0142ania Fundacji z dnia 8 marca 2004 roku w Krakowie. Educare et Servire jest organizacj\u0105 pozarz\u0105dow\u0105, o charakterze non-profit. Celem fundacji jest wspieranie rozwoju lokalnego spo\u0142ecze\u0144stwa obywatelskiego poprzez szeroko rozumiane procesy edukacyjne, zmierzaj\u0105ce do wzrostu samo\u015bwiadomo\u015bci spo\u0142ecznej oraz kreowania indywidualnych i zbiorowych postaw aktywnych. Jak czytamy w preambule statutu misj\u0105 Fundacji jest s\u0142u\u017cba rozwojowi spo\u0142ecze\u0144stwa obywatelskiego, aby \u2013 zgodnie z nazw\u0105 Fundacji, kt\u00f3ra po \u0142acinie oznacza \u201euczy\u0107 i s\u0142u\u017cy\u0107\u201d &#8211; poprzez uczenie siebie i innych, m\u0105drze i dalekowzrocznie wykorzysta\u0107 wszelki potencja\u0142 lokalny w celu dokonywania optymalnych wybor\u00f3w dla zr\u00f3wnowa\u017conego rozwoju regionu i wzrostu zamo\u017cno\u015bci jego mieszka\u0144c\u00f3w. W kolejno\u015bci chronologicznej na dzia\u0142alno\u015b\u0107 edukacyjn\u0105 Educare et Servire sk\u0142adaj\u0105 si\u0119 :<\/p>\n<p style=\"text-align: justify;\">1. <span style=\"color: #0066ff;\"><b>Europejska Szko\u0142a Nowych Technologii i Turystyki<\/b><\/span> &#8211; plac\u00f3wka z wielu wzgl\u0119d\u00f3w wyj\u0105tkowa. Od pocz\u0105tku przyk\u0142adamy wiele uwagi do kszta\u0142cenia w aspekcie praktycznym, nie tylko teoretycznym. Celem, kt\u00f3ry od lat realizujemy jest kszta\u0142cenie ludzi zaradnych, kt\u00f3rzy po uko\u0144czeniu szko\u0142y s\u0105 gotowi by podj\u0105\u0107 prac\u0119 zgodn\u0105 z ich zainteresowaniem i wykszta\u0142ceniem.<br \/>\nEuropejska Szko\u0142a powsta\u0142a w 1995 roku, jako jedna z pierwszych szk\u00f3\u0142 policealnych na Podkarpaciu. Jej program zosta\u0142 oparty na wzorach szk\u00f3\u0142 zawodowych w USA, \u201eprzewiezionych\u201d przez Antoniego Kami\u0144skiego, kt\u00f3ry w latach 1994-1995 by\u0142 uczestnikiem ameryka\u0144skiego Programu Edukacyjnego ECESP i studiowa\u0142 w Le Moyne College w Syracuze w Stanie Nowy Jork i zdoby\u0142 tam bogate do\u015bwiadczenie, kt\u00f3rego owocem by\u0142o otwarcie nowej Szko\u0142y w D\u0119bicy. Przez 20 lat dzia\u0142alno\u015bci prowadzenia policealnej szko\u0142y zawodowej wykszta\u0142cili\u015bmy prawie 2500 absolwent\u00f3w, pracuj\u0105cych obecnie w Polsce i wielu krajach Unii Europejskiej. Przez wiele lat nasza szko\u0142a by\u0142a najwi\u0119ksz\u0105 plac\u00f3wk\u0105 policealn\u0105 w zachodniej cz\u0119\u015bci wojew\u00f3dztwa. ESNTiT zawsze stawia\u0142a na ciekawe (tak\u017ce zagraniczne) praktyki zawodowe i na przestrzeni lat wsp\u00f3\u0142pracowa\u0142a z sieciami hoteli na Cyprze, Rodos i w Hiszpanii, wysy\u0142aj\u0105c tam S\u0142uchaczy i Absolwent\u00f3w na praktyki do EDEN HOTELS &#8211; BALEARY (HISZPANIA), do HOTELU RODOCYPRIA &#8211; WYSPA RODOS (GRECJA), oraz sieci hoteli TSOKKOS HOTELS LTD. &#8211; (CYPR).<br \/>\nW latach 2006 \u2013 2012, corocznie ESNTIT oraz Educare et Servie organizowa\u0142a w ramach Programu Mallorca dla 100 i wi\u0119cej os\u00f3b praktyki zawodowe po\u0142\u0105czone z intensywnym 6-cio tygodniowym kursem \u201eHotel-<br \/>\nSzko\u0142a\u201d w kt\u00f3rym, grupa 100 os\u00f3b podzielona na mniejsze grupy zdobywa\u0142a kwalifikacje i umiej\u0119tno\u015bci w zawodach: Kucharz, Kelner, Pokoj\u00f3wka i Recepcjonista. Program Mallorca by\u0142 programem autorskim Zarz\u0105du Fundacji oraz Zarz\u0105du Eden Hotels i Wy\u017cszej Szko\u0142y Turystyki na Balearach i w ca\u0142o\u015bci by\u0142 finansowany przez w\u0142a\u015bcicieli Eden Hotels. Zaj\u0119cia odbywa\u0142y si\u0119 \u201dpod okiem\u201d do\u015bwiadczonych trener\u00f3w z Hiszpanii. Zdecydowana wi\u0119kszo\u015b\u0107 Uczestnik\u00f3w kursu \u201eHotel-Szko\u0142a\u201d otrzymywa\u0142a prac\u0119 w hotelach na Majorce i Minorce, zarabiaj\u0105c miesi\u0119cznie 1050\u20ac i mog\u0105c realizowa\u0107 swoje marzenia.<\/p>\n<p style=\"text-align: justify;\">2. <span style=\"color: #0066ff;\"><b>D\u0119bicki Uniwersytet Trzeciego Wieku <\/b><\/span>&#8211; Inicjatywa w zakresie edukacji przez ca\u0142e \u017cycie, prowadzona nieprzerwanie od 2006 roku, rokrocznie dla ponad 100 mieszka\u0144c\u00f3w powiatu w wieku 50+. Dzia\u0142ania DUTW obejmuj\u0105 zar\u00f3wno sfer\u0119 mentaln\u0105 (wyk\u0142ady monograficzne co 2 tygodnie, kursy j\u0119zykowe, obs\u0142ugi komputera, warsztaty psychologiczne) jak i fizyczn\u0105 (gimnastyka dla os\u00f3b starszych, aquaaerobik). Ponadto oferowane s\u0105 formy kulturoznawcze (wyk\u0142ady objazdowe, wizyty w muzeach, teatrze) oraz integracyjne (wycieczki krajoznawcze, spotkania okoliczno\u015bciowe).<\/p>\n<p style=\"text-align: justify;\">3. <span style=\"color: #0066ff;\"><b>Osada S\u0142owia\u0144ska w Stobiernej <\/b><\/span>&#8211; W latach 2008 &#8211; 2012 Gmina D\u0119bica z inicjatywy Fundacji Educare et Servire wybudowa\u0142a w Stobiernej replik\u0119 grodu s\u0142owia\u0144skiego, kt\u00f3rej Fundacja jest dzier\u017cawc\u0105 a mgr Piotr Kami\u0144ski ci\u0105gle doskonali sw\u00f3j pomys\u0142 i kreatywnie kieruje prac\u0105 zespo\u0142u oko\u0142o 10 pasjonat\u00f3w, kt\u00f3rzy codziennie (w sezonie) obs\u0142uguj\u0105 turyst\u00f3w oraz grupy dzieci i m\u0142odzie\u017cy.<br \/>\n29 wrze\u015bnia 2012 roku, Osada S\u0142owia\u0144ska w Stobiernej, by\u0142a miejscem wojew\u00f3dzkich obchod\u00f3w \u015awiatowego Dnia Turystyki, kt\u00f3re zgromadzi\u0142y ponad 100 organizator\u00f3w turystyki ca\u0142ego Wojew\u00f3dztwa Podkarpackiego oraz w\u0142adze samorz\u0105dowe Gminy D\u0119bica, Gmin s\u0105siednich, w\u0142adze Starostwa Powiatu D\u0119bickiego oraz Urz\u0119du Marsza\u0142kowskiego wraz z wicemarsza\u0142kiem wojew\u00f3dztwa. By\u0142a to znakomita promocja \u201estartuj\u0105cej\u201d w\u00f3wczas atrakcji turystycznej , jak\u0105 jest Osada S\u0142owia\u0144ska w Stobiernej, kt\u00f3r\u0105 rocznie odwiedza ponad 12 tys. go\u015bci, w\u015br\u00f3d kt\u00f3rych najliczniejsz\u0105 grup\u0105 s\u0105 uczniowie szk\u00f3\u0142, prawie z ca\u0142ego obszaru Wojew\u00f3dztwa Podkarpackiego.<br \/>\nW Osadzie grupy dzieci i m\u0142odzie\u017cy mog\u0105 uczestniczy\u0107 w tzw. \u201e\u017bywych lekcjach historii\u201d. Podczas 2 &#8211; 6 godzinnej wizyty dzieci i m\u0142odzie\u017c poznaj\u0105 w spos\u00f3b \u201enamacalny\u201d histori\u0119 S\u0142owian &#8211; naszych Przodk\u00f3w sprzed 1000 lat. Mog\u0105 spr\u00f3bowa\u0107 dawnego rzemios\u0142a, obejrze\u0107 pokazy walk woj\u00f3w, wzi\u0105\u0107 udzia\u0142 w warsztatach kuglarskich czy te\u017c turnieju \u0142uczniczym. Program dla ka\u017cdej grupy uzgadniany jest indywidualnie.<br \/>\nZ uwagi na du\u017ce zainteresowanie Osad\u0105 S\u0142owia\u0144sk\u0105, konieczna jest wcze\u015bniejsza rezerwacja. \u017bywe lekcje historii odbywaj\u0105 si\u0119 zwykle mi\u0119dzy godzin\u0105 8.00 a 15.00.<\/p>\n<p style=\"text-align: justify;\">W czasie lekcji odbywaj\u0105 si\u0119 m. in.<\/p>\n<ul>\n<li style=\"text-align: justify;\">Pokaz walk s\u0142owia\u0144skich woj\u00f3w<\/li>\n<li style=\"text-align: justify;\">Przymierzanie stroju i opancerzenia woja (pami\u0105tkowe zdj\u0119cie)<\/li>\n<li style=\"text-align: justify;\">Turniej \u0142uczniczy<\/li>\n<li style=\"text-align: justify;\">Zawody w przeci\u0105ganiu liny<\/li>\n<li style=\"text-align: justify;\">Oraz uczestniczenie w zaj\u0119ciach zawod\u00f3w rzemie\u015blniczych, takich jak: tkactwo, garncarstwo, kowalstwo<\/li>\n<\/ul>\n<p>Osada S\u0142owia\u0144ska w Stobiernej, jest tak\u017ce jednym z cel\u00f3w wycieczek edukacyjnych dla Uczni\u00f3w naszych Szk\u00f3\u0142. Tutaj Uczniowie naszych Szk\u00f3\u0142 maj\u0105 szans\u0119 bli\u017cej zapozna\u0107 si\u0119 z histori\u0105 naszej Ma\u0142ej Ojczyzny i jej s\u0142owia\u0144skich pocz\u0105tk\u00f3w oraz \u201ewej\u015b\u0107\u201d w tajemniczy \u015bwiat bogatej kultury S\u0142owian, a tak\u017ce w\u0142asnor\u0119cznie spr\u00f3bowa\u0107 starych zawod\u00f3w.<\/p>\n<p style=\"text-align: center;\"><a href=\"http:\/\/www.osadaslowianska.pl\" target=\"_blank\"><strong>www.osadaslowianska.pl<\/strong><\/a><\/p>\n<p style=\"text-align: justify;\">4. <span style=\"color: #0066ff;\"><b>Szko\u0142a Us\u0142ug Hotelarskich, Sztuki Gotowania i Innych Zawod\u00f3w <\/b><\/span>\u2013 Szko\u0142a ta jest najnowsz\u0105 ofert\u0105 kszta\u0142cenia zawodowego Fundacji i w szczeg\u00f3lny spos\u00f3b ma wykorzysta\u0107 prawie 20-letnie do\u015bwiadczenie Europejskiej Szko\u0142y Nowych Technologii i Turystki oraz 10-letnie do\u015bwiadczenie Fundacji Educare et Servire, aby w najlepszy spos\u00f3b przygotowa\u0107 nowe kadry dla obs\u0142ugi turyst\u00f3w w hotelach, pensjonatach, gospodarstwach agroturystycznych i innych obiektach szybko rozwijaj\u0105cej si\u0119 bran\u017cy turystycznej.<\/p>\n<p style=\"text-align: justify;\">Poza dzia\u0142alno\u015bci\u0105 edukacyjn\u0105 Educare et Servire opracowuje w\u0142asne Projekty. <span style=\"color: #0066ff;\"><b> Szlak S\u0142owia\u0144ski Dolin\u0105 Wis\u0142oki <\/b><\/span> to koncepcja utworzenia markowego produktu sieciowego, obejmuj\u0105cego swoim zasi\u0119giem obszar 4 powiat\u00f3w woj. podkarpackiego i 3 powiaty woj. ma\u0142opolskiego. Poprzez kompleksow\u0105 ofert\u0119 turystyczn\u0105 prowadzi\u0107 ma do intensyfikacji rozwoju regionalnego. Koncepcja ta stanowi autorski pomys\u0142 Antoniego Kami\u0144skiego, Paw\u0142a Kudronia i Piotra Kami\u0144skiego, cz\u0142onk\u00f3w zarz\u0105du Fundacji. Pierwsza idea Szlaku powsta\u0142a kilka lat wcze\u015bniej, jako propozycja w ramach og\u00f3lnopolskiego projektu \u201eTurystyka \u2013 wsp\u00f3lna sprawa\u201d. Szlak S\u0142owia\u0144ski Dolin\u0105 Wis\u0142oki zosta\u0142 we wrze\u015bniu 2013 wpisany przez Zarz\u0105d Wojew\u00f3dztwa na wst\u0119pn\u0105 list\u0119 indykatywn\u0105 przedsi\u0119wzi\u0119\u0107 priorytetowych planowanych do realizacji na terenie woj. podkarpackiego do uj\u0119cia w mandacie negocjacyjnym Samorz\u0105du Wojew\u00f3dzkiego do Kontraktu Terytorialnego na lata 2014-2020. Koszt ca\u0142kowity tego przedsi\u0119wzi\u0119cia, wynosi 61 mln. Z\u0142 i obejmuje 4 du\u017ce komponenty realizacyjne (Trasy Turystyczne Szlaku S\u0142owia\u0144skiego, Agroturystyka Retro, Interaktywny System Informacji Turystycznej oraz Akademi\u0119 Turystyki Szlaku S\u0142owia\u0144skiego) oraz 2 komponenty techniczne (Biuro Realizacji Projektu SSDW oraz Marka i Certyfikacja SSDW). Dzia\u0142anie to na przestrzeni najbli\u017cszych 8-12 lat mo\u017ce wygenerowa\u0107 stanowiska pracy dla oko\u0142o 1000 pracownik\u00f3w, oraz wyinkubowa\u0107 oko\u0142o 100 nowych przedsi\u0119biorstw, dodatkowo zrzeszonych w Klastrze Turystycznym Doliny Wis\u0142oki, (powo\u0142anym m.in. do tego celu z inicjatywy Fundacji Educare et Servire w listopadzie 2012 roku). Realizacja przedsi\u0119wzi\u0119cia jest przewidziana na lata 2014 \u2013 2021, w oparciu o bardzo szeroko rozbudowane partnerstwa z udzia\u0142em sektora samorz\u0105dowego, biznesowego oraz NGO.<\/p>\n","protected":false},"excerpt":{"rendered":"<p>Fundacja Educare et Servire zosta\u0142a za\u0142o\u017cona i ufundowana przez Antoniego Kami\u0144skiego \u2013 lokalnego lidera, spo\u0142ecznika oraz jednego z pionier\u00f3w samorz\u0105du terytorialnego i gospodarczego w pocz\u0105tkach lat 90-tych \u2013 na mocy notarialnego Aktu Powo\u0142ania Fundacji z dnia 8 marca 2004 roku &hellip; <a href=\"https:\/\/www.suh.edu.pl\/?page_id=186\">Czytaj dalej <span class=\"meta-nav\">&rarr;<\/span><\/a><\/p>\n","protected":false},"author":1,"featured_media":0,"parent":0,"menu_order":0,"comment_status":"open","ping_status":"open","template":"","meta":{"footnotes":""},"class_list":["post-186","page","type-page","status-publish","hentry"],"_links":{"self":[{"href":"https:\/\/www.suh.edu.pl\/index.php?rest_route=\/wp\/v2\/pages\/186"}],"collection":[{"href":"https:\/\/www.suh.edu.pl\/index.php?rest_route=\/wp\/v2\/pages"}],"about":[{"href":"https:\/\/www.suh.edu.pl\/index.php?rest_route=\/wp\/v2\/types\/page"}],"author":[{"embeddable":true,"href":"https:\/\/www.suh.edu.pl\/index.php?rest_route=\/wp\/v2\/users\/1"}],"replies":[{"embeddable":true,"href":"https:\/\/www.suh.edu.pl\/index.php?rest_route=%2Fwp%2Fv2%2Fcomments&post=186"}],"version-history":[{"count":7,"href":"https:\/\/www.suh.edu.pl\/index.php?rest_route=\/wp\/v2\/pages\/186\/revisions"}],"predecessor-version":[{"id":2220,"href":"https:\/\/www.suh.edu.pl\/index.php?rest_route=\/wp\/v2\/pages\/186\/revisions\/2220"}],"wp:attachment":[{"href":"https:\/\/www.suh.edu.pl\/index.php?rest_route=%2Fwp%2Fv2%2Fmedia&parent=186"}],"curies":[{"name":"wp","href":"https:\/\/api.w.org\/{rel}","templated":true}]}}