{"id":2186,"date":"2015-05-11T10:44:18","date_gmt":"2015-05-11T10:44:18","guid":{"rendered":"http:\/\/www.suh.edu.pl\/?page_id=2186"},"modified":"2018-11-05T06:58:23","modified_gmt":"2018-11-05T06:58:23","slug":"nspp-w-debicy","status":"publish","type":"page","link":"https:\/\/www.suh.edu.pl\/?page_id=2186","title":{"rendered":"NSPP w D\u0119bicy"},"content":{"rendered":"<h1 style=\"text-align: center;\"><strong>Niepubliczna Szko\u0142a<\/strong><br \/>\n<strong>Przysposabiaj\u0105ca do Pracy w D\u0119bicy<\/strong><\/h1>\n<p style=\"text-align: justify;\">Nowa oferta Fundacji jest przeznaczona tak\u017ce dla uczni\u00f3w z niepe\u0142nosprawno\u015bci\u0105 intelektualn\u0105 w stopniu umiarkowanym i znacznym.<br \/>\nNa wszystkich etapach uczniowie s\u0105 obj\u0119ci rewalidacj\u0105 indywidualn\u0105 z zakresu logopedii, gimnastyki korekcyjnej oraz zaj\u0119\u0107 korekcyjno &#8211; kompensacyjnych.<\/p>\n<p style=\"text-align: justify;\">Rewalidacja indywidualna &#8211; jest jednym z ogniw ca\u0142ego procesu edukacyjno &#8211; terapeutycznego organizowanego przez nasz\u0105 plac\u00f3wk\u0119. Zaj\u0119cia prowadzone s\u0105 na wszystkich poziomach edukacyjnych metodami dobranymi indywidualnie do ucznia i specyfiki jego rozwoju psychofizycznego, do potrzeb i mo\u017cliwo\u015bci percepcyjnych oraz ogranicze\u0144 ruchowych. Specjalista rewalidacji indywidualnej diagnozuje ucznia i opracowuje dla niego indywidualny program wspomagania edukacyjnego, kt\u00f3ry jest integraln\u0105 cz\u0119\u015bci\u0105 indywidualnego programu terapeutycznego. Oddzia\u0142ywania wychowawcze i opieku\u0144cze pomi\u0119dzy nauczycielem, specjalist\u0105 rewalidacji indywidualnej, uczniem i rodzicami koordynuj\u0105 psycholog i pedagog szkolny.<\/p>\n<p style=\"text-align: justify;\"><a href=\"https:\/\/www.suh.edu.pl\/wp-content\/uploads\/2015\/05\/NSPP_1.jpg\"><img loading=\"lazy\" decoding=\"async\" class=\" size-full wp-image-2195 aligncenter\" src=\"https:\/\/www.suh.edu.pl\/wp-content\/uploads\/2015\/05\/NSPP_1.jpg\" alt=\"NSPP_1\" width=\"500\" height=\"379\" srcset=\"https:\/\/www.suh.edu.pl\/wp-content\/uploads\/2015\/05\/NSPP_1.jpg 500w, https:\/\/www.suh.edu.pl\/wp-content\/uploads\/2015\/05\/NSPP_1-300x227.jpg 300w\" sizes=\"(max-width: 500px) 100vw, 500px\" \/><\/a><\/p>\n<p style=\"text-align: justify;\">Wysoko wyspecjalizowana kadra pedagogiczna (oligofrenopedagodzy) zapewnia nauk\u0119 i opiek\u0119 dla naszych uczni\u00f3w &#8211; m\u0142odzie\u017cy z miasta i powiatu d\u0119bickiego na najwy\u017cszym poziomie. Stosujemy zasad\u0119 indywidualizacji pracy z uczniem dostosowuj\u0105c j\u0105 do potrzeb i mo\u017cliwo\u015bci ucznia.<\/p>\n<p style=\"text-align: justify;\"><strong><em>Nawet niewielkie post\u0119py uczni\u00f3w s\u0105 wzmacniane pozytywnie, natomiast brak post\u0119p\u00f3w nie podlega warto\u015bciowaniu negatywnemu.<\/em><\/strong><\/p>\n<p style=\"text-align: justify;\"><a href=\"https:\/\/www.suh.edu.pl\/wp-content\/uploads\/2015\/05\/NSPP_2.jpg\"><img loading=\"lazy\" decoding=\"async\" class=\" size-full wp-image-2196 aligncenter\" src=\"https:\/\/www.suh.edu.pl\/wp-content\/uploads\/2015\/05\/NSPP_2.jpg\" alt=\"NSPP_2\" width=\"500\" height=\"375\" srcset=\"https:\/\/www.suh.edu.pl\/wp-content\/uploads\/2015\/05\/NSPP_2.jpg 500w, https:\/\/www.suh.edu.pl\/wp-content\/uploads\/2015\/05\/NSPP_2-300x225.jpg 300w\" sizes=\"(max-width: 500px) 100vw, 500px\" \/><\/a><\/p>\n<p style=\"text-align: justify;\">Wspomaganiem rozwoju uczni\u00f3w w Niepublicznej Szkole Przysposabiaj\u0105cej do Pracy w D\u0119bicy zajmuje si\u0119 zesp\u00f3\u0142 diagnostyczno-rewalidacyjny. W sk\u0142ad zespo\u0142u wchodz\u0105 specjali\u015bci rewalidacji indywidualnej, logopedii, psycholog, pedagog oraz wychowawcy klas. Specjalistyczn\u0105 opiek\u0105 otaczane s\u0105 uczniowie na wszystkich poziomach wiekowych zgodnie z podstawowymi za\u0142o\u017ceniami: POZNANIA &#8211; WSPOMAGANIA &#8211; SKUTECZNO\u015aCI.<br \/>\nZadaniem zespo\u0142u jest analiza tre\u015bci Orzecze\u0144 oraz zalece\u0144 post diagnostycznych Poradni Psychologiczno &#8211; Pedagogicznej dotycz\u0105cych uczni\u00f3w naszej plac\u00f3wki. Poznanie ucznia, okre\u015blenie jego &#8222;mocnych&#8221; stron<br \/>\ni tych najbardziej zaburzonych, to podstawowe za\u0142o\u017cenie rehabilitacji edukacyjnej i psychospo\u0142ecznej. Dok\u0142adne poznanie ucznia, jego profilu zdolno\u015bci i mo\u017cliwo\u015bci pomaga nauczycielowi znale\u017a\u0107 najskuteczniejsz\u0105 metod\u0119 pracy.<\/p>\n<p style=\"text-align: justify;\"><a href=\"https:\/\/www.suh.edu.pl\/wp-content\/uploads\/2015\/05\/NSPP_3.jpg\"><img loading=\"lazy\" decoding=\"async\" class=\" size-full wp-image-2199 aligncenter\" src=\"https:\/\/www.suh.edu.pl\/wp-content\/uploads\/2015\/05\/NSPP_3.jpg\" alt=\"NSPP_3\" width=\"500\" height=\"286\" srcset=\"https:\/\/www.suh.edu.pl\/wp-content\/uploads\/2015\/05\/NSPP_3.jpg 500w, https:\/\/www.suh.edu.pl\/wp-content\/uploads\/2015\/05\/NSPP_3-300x172.jpg 300w\" sizes=\"(max-width: 500px) 100vw, 500px\" \/><\/a><a href=\"https:\/\/www.suh.edu.pl\/wp-content\/uploads\/2015\/05\/NSPP_5.jpg\"><img loading=\"lazy\" decoding=\"async\" class=\" size-full wp-image-2200 aligncenter\" src=\"https:\/\/www.suh.edu.pl\/wp-content\/uploads\/2015\/05\/NSPP_5.jpg\" alt=\"NSPP_5\" width=\"500\" height=\"379\" srcset=\"https:\/\/www.suh.edu.pl\/wp-content\/uploads\/2015\/05\/NSPP_5.jpg 500w, https:\/\/www.suh.edu.pl\/wp-content\/uploads\/2015\/05\/NSPP_5-300x227.jpg 300w\" sizes=\"(max-width: 500px) 100vw, 500px\" \/><\/a><\/p>\n<p>WALORY NASZEJ SZKO\u0141Y<\/p>\n<ul>\n<li>ma\u0142o liczne klasy, daj\u0105ce mo\u017cliwo\u015b\u0107 poczucia bezpiecze\u0144stwa oraz<br \/>\ndostosowania wymaga\u0144 edukacyjnych do mo\u017cliwo\u015bci intelektualnych<br \/>\nuczni\u00f3w<\/li>\n<li>wysokie kwalifikacje kadry pedagogicznej<\/li>\n<li>nowoczesna kuchnia \u2013 pracownia gastronomiczna z pe\u0142nym<br \/>\nwyposa\u017ceniem<\/li>\n<li>nowoczesna jadalnia \u2013 pracownia obs\u0142ugi hotelowej<\/li>\n<li>pracownia gospodarstwa domowego z profesjonalnym sprz\u0119tem AGD<\/li>\n<li>dwie pracownie komputerowe<\/li>\n<li>aktywna wsp\u00f3\u0142praca z rodzicami<\/li>\n<li>opieka pedagoga szkolnego, psychologa i logopedy<\/li>\n<li>ciep\u0142a serdeczna atmosfera<\/li>\n<li>zapewnione drugie \u015bniadanie dopasowane do potrzeb smakowych<br \/>\ni kalorycznych ka\u017cdego ucznia robione w\u0142asnor\u0119cznie przez uczni\u00f3w<\/li>\n<li>codzienne zaj\u0119cia przysposabiaj\u0105ce do pracy w pracowniach Szko\u0142y<\/li>\n<li>zaj\u0119cia przysposabiaj\u0105ce do pracy w warunkach autentycznej Firmy \u201epod okiem\u201d fachowc\u00f3w posiadaj\u0105cych uprawnienia oligofrenopedagog\u00f3w<\/li>\n<li>zaj\u0119cia sportowe<\/li>\n<li>konkursy<\/li>\n<li>wycieczki turystyczne i przedmiotowe<\/li>\n<li>ko\u0142a zainteresowa\u0144<\/li>\n<li>liczne zaj\u0119cia artystyczne: muzyczne, teatralne, plastyczne<\/li>\n<li>redagowanie w\u0142asnej gazetki<\/li>\n<\/ul>\n<h2 style=\"text-align: center;\"><strong>WORK-ADAPTING NON-PUBLIC SCHOOL IN D\u0118BICA<\/strong><\/h2>\n<p>The new offer of the Foundation is aimed at the students with moderate and severe intellectual disabilities.<\/p>\n<p>At all stages of their education, students are provided with individual revalidation involving speech therapy, corrective gymnastics and corrective and compensatory activities.<\/p>\n<p>Individual revalidation &#8211; is one of the links in the whole educational and therapeutic process organized by our institution. Classes are conducted at all educational levels with the use of methods adjusted to each student, his\/her psychophysical development, to the needs and perceptual abilities and movement limitations. A professional specializing in individual revalidation diagnoses the student and creates an individual educational support program, which is an integral part of the individual therapeutic program. The educational and caring interactions between the teacher, the specialist of individual revalidation, the student and his\/her parents are coordinated by a psychologist and a school educator.<\/p>\n<p>Excellently qualified teaching staff (oligophrenologists) provides the best possible education and care for our students &#8211; young people from the town of D\u0119bica and the neighbouring area. Our priority is individualization, so the teachers pay a lot of individual attention to each student and they adapt the pace of working to his or her needs and abilities. Even the smallest progress made by a student is appreciated and meets the most positive response. However, lack of progress is not criticized and the student does not feel discouraged.<\/p>\n<p>The diagnostic and revalidation team supports the development of students at the Work \u2013 Adapting Non-Public School in D\u0119bica. The team consists of individual revalidation specialists, speech therapists, psychologists, educators and class educators. Special care is given to pupils of all ages in accordance with the basic principles: RECOGNITION \u2013 SUPPORT \u2013 EFFICIENCY.<\/p>\n<p>The team&#8217;s task is to analyze the decisions and post-diagnostic recommendations of the Psychological and Pedagogical Counseling Center regarding the students of our school. Getting to know the student, defining his &#8222;strong&#8221; sides and the biggest deficiencies, is the basic principle of educational and psychosocial rehabilitation. Detailed knowledge of the student\u2019s personality, his \/ her skills and abilities helps the teacher find the most effective method of work.<\/p>\n<p>ADVANTAGES OF OUR SCHOOL<\/p>\n<ul>\n<li>limited number of students in a class, which makes them feel secure and allows adapting<\/li>\n<li>educational requirements to students\u2019 intellectual limitations<br \/>\nhighly qualified teaching staff<\/li>\n<li>modern fully equipped kitchen \u2013 a classroom for cooking lessons<\/li>\n<li>modern dining room \u2013 a classroom for learning hotel services lessons<\/li>\n<li>a household classroom with professional household appliances<\/li>\n<li>two computer classrooms<\/li>\n<li>full cooperation with parents<\/li>\n<li>school counsellor, psychologist and speech therapist offices on site<\/li>\n<li>warm, friendly atmosphere<\/li>\n<li>an early lunch, adjusted to each student\u2019s taste and needs, which is prepared by the students themselves<\/li>\n<li>job training classes in the school workshops<\/li>\n<li>job training classes in real environment, in the restaurant or hotel facilities supervised<\/li>\n<li>by professionals in cooperation with oligophrenopedagogists<\/li>\n<li>sports classes and sports competitions<\/li>\n<li>school trips<\/li>\n<li>numerous after-school activities: music, drama group, art classes<br \/>\ncreating internal school newsletter<\/li>\n<\/ul>\n","protected":false},"excerpt":{"rendered":"<p>Niepubliczna Szko\u0142a Przysposabiaj\u0105ca do Pracy w D\u0119bicy Nowa oferta Fundacji jest przeznaczona tak\u017ce dla uczni\u00f3w z niepe\u0142nosprawno\u015bci\u0105 intelektualn\u0105 w stopniu umiarkowanym i znacznym. Na wszystkich etapach uczniowie s\u0105 obj\u0119ci rewalidacj\u0105 indywidualn\u0105 z zakresu logopedii, gimnastyki korekcyjnej oraz zaj\u0119\u0107 korekcyjno &#8211; &hellip; <a href=\"https:\/\/www.suh.edu.pl\/?page_id=2186\">Czytaj dalej <span class=\"meta-nav\">&rarr;<\/span><\/a><\/p>\n","protected":false},"author":1,"featured_media":0,"parent":0,"menu_order":0,"comment_status":"open","ping_status":"open","template":"","meta":{"footnotes":""},"class_list":["post-2186","page","type-page","status-publish","hentry"],"_links":{"self":[{"href":"https:\/\/www.suh.edu.pl\/index.php?rest_route=\/wp\/v2\/pages\/2186"}],"collection":[{"href":"https:\/\/www.suh.edu.pl\/index.php?rest_route=\/wp\/v2\/pages"}],"about":[{"href":"https:\/\/www.suh.edu.pl\/index.php?rest_route=\/wp\/v2\/types\/page"}],"author":[{"embeddable":true,"href":"https:\/\/www.suh.edu.pl\/index.php?rest_route=\/wp\/v2\/users\/1"}],"replies":[{"embeddable":true,"href":"https:\/\/www.suh.edu.pl\/index.php?rest_route=%2Fwp%2Fv2%2Fcomments&post=2186"}],"version-history":[{"count":6,"href":"https:\/\/www.suh.edu.pl\/index.php?rest_route=\/wp\/v2\/pages\/2186\/revisions"}],"predecessor-version":[{"id":9113,"href":"https:\/\/www.suh.edu.pl\/index.php?rest_route=\/wp\/v2\/pages\/2186\/revisions\/9113"}],"wp:attachment":[{"href":"https:\/\/www.suh.edu.pl\/index.php?rest_route=%2Fwp%2Fv2%2Fmedia&parent=2186"}],"curies":[{"name":"wp","href":"https:\/\/api.w.org\/{rel}","templated":true}]}}